{"id":206,"date":"2025-08-18T07:02:20","date_gmt":"2025-08-18T07:02:20","guid":{"rendered":"https:\/\/atvmooreatours.com\/atv-moorea-tours\/"},"modified":"2025-08-23T10:26:32","modified_gmt":"2025-08-23T10:26:32","slug":"atv-moorea-tours","status":"publish","type":"page","link":"https:\/\/atvmooreatours.com\/fr\/","title":{"rendered":"ATV Moorea Tours"},"content":{"rendered":"\n<p><strong>Bienvenue chez ATV Moorea Tours, o\u00f9 chaque aventure est bien plus qu\u2019une simple balade en quad!<\/strong><\/p>\n\n<p>C\u2019est une immersion au c\u0153ur de Moorea, guid\u00e9e par une jeune \u00e9quipe, locale et passionn\u00e9e, n\u00e9e sur cette \u00eele magique et fi\u00e8re de la faire d\u00e9couvrir autrement. Nous vous proposons des excursions en petit comit\u00e9, avec une attention particuli\u00e8re port\u00e9e \u00e0 la s\u00e9curit\u00e9, \u00e0 la qualit\u00e9 de l\u2019exp\u00e9rience, et au partage authentique. Chaque circuit est pens\u00e9 pour vous faire vivre Moorea comme nous l\u2019aimons : entre panoramas grandioses, vall\u00e9es luxuriantes et rencontres chaleureuses. Notre engagement : vous offrir une exp\u00e9rience unique, conviviale et inoubliable, dans le respect de notre terre, de notre culture, et toujours avec le sourire.    <\/p>\n","protected":false},"excerpt":{"rendered":"<p>Bienvenue chez ATV Moorea Tours, o\u00f9 chaque aventure est bien plus qu\u2019une simple balade en quad!<\/p>\n","protected":false},"author":1,"featured_media":0,"parent":0,"menu_order":0,"comment_status":"closed","ping_status":"closed","template":"page-home.php","meta":{"footnotes":""},"class_list":["post-206","page","type-page","status-publish","hentry"],"_links":{"self":[{"href":"https:\/\/atvmooreatours.com\/fr\/wp-json\/wp\/v2\/pages\/206","targetHints":{"allow":["GET"]}}],"collection":[{"href":"https:\/\/atvmooreatours.com\/fr\/wp-json\/wp\/v2\/pages"}],"about":[{"href":"https:\/\/atvmooreatours.com\/fr\/wp-json\/wp\/v2\/types\/page"}],"author":[{"embeddable":true,"href":"https:\/\/atvmooreatours.com\/fr\/wp-json\/wp\/v2\/users\/1"}],"replies":[{"embeddable":true,"href":"https:\/\/atvmooreatours.com\/fr\/wp-json\/wp\/v2\/comments?post=206"}],"version-history":[{"count":7,"href":"https:\/\/atvmooreatours.com\/fr\/wp-json\/wp\/v2\/pages\/206\/revisions"}],"predecessor-version":[{"id":223,"href":"https:\/\/atvmooreatours.com\/fr\/wp-json\/wp\/v2\/pages\/206\/revisions\/223"}],"wp:attachment":[{"href":"https:\/\/atvmooreatours.com\/fr\/wp-json\/wp\/v2\/media?parent=206"}],"curies":[{"name":"wp","href":"https:\/\/api.w.org\/{rel}","templated":true}]}}