{"id":212,"date":"2025-08-18T07:06:53","date_gmt":"2025-08-18T07:06:53","guid":{"rendered":"https:\/\/atvmooreatours.com\/gallery\/"},"modified":"2025-08-23T10:30:11","modified_gmt":"2025-08-23T10:30:11","slug":"galerie","status":"publish","type":"page","link":"https:\/\/atvmooreatours.com\/fr\/galerie\/","title":{"rendered":"Galerie"},"content":{"rendered":"\n<h1 class=\"wp-block-heading has-text-align-center\">Nos tours<\/h1>\n\n<p><\/p>\n<div class=\"gallery\"><div><a href=\"https:\/\/atvmooreatours.com\/wp-content\/uploads\/page\/page-20\/gallery-001-1920x1280.jpg\" class=\"fancybox\" rel=\"gallery\" title=\"\n\n\n\n\n\n\n\n\n\n\n\n\n\n\n\n\n\n\n\n\n\n\n\n\n\n\n\n\n\n\n\n\n\n\n\n\n\n\n\n\n\n\n\n\n\n\n\n\n\n\n\n\n\n\n\n\n\n\n\n\"><img loading=\"lazy\" decoding=\"async\" src=\"https:\/\/atvmooreatours.com\/wp-content\/uploads\/page\/page-20\/gallery-001-384x384.jpg\" width=\"384\" height=\"384\" alt=\"\n\n\n\n\n\n\n\n\n\n\n\n\n\n\n\n\n\n\n\n\n\n\n\n\n\n\n\n\n\n\n\n\n\n\n\n\n\n\n\n\n\n\n\n\n\n\n\n\n\n\n\n\n\n\n\n\n\n\n\n\" \/><span class=\"overlay\"><\/span><span class=\"icon\"><\/span><\/a><a href=\"https:\/\/atvmooreatours.com\/wp-content\/uploads\/page\/page-20\/gallery-002-1920x1280.jpg\" class=\"fancybox\" rel=\"gallery\" title=\"\"><img loading=\"lazy\" decoding=\"async\" src=\"https:\/\/atvmooreatours.com\/wp-content\/uploads\/page\/page-20\/gallery-002-384x384.jpg\" width=\"384\" height=\"384\" alt=\"\" \/><span class=\"overlay\"><\/span><span class=\"icon\"><\/span><\/a><a href=\"https:\/\/atvmooreatours.com\/wp-content\/uploads\/page\/page-20\/gallery-003-1920x1280.jpg\" class=\"fancybox\" rel=\"gallery\" title=\"\"><img loading=\"lazy\" decoding=\"async\" src=\"https:\/\/atvmooreatours.com\/wp-content\/uploads\/page\/page-20\/gallery-003-384x384.jpg\" width=\"384\" height=\"384\" alt=\"\" \/><span class=\"overlay\"><\/span><span class=\"icon\"><\/span><\/a><a href=\"https:\/\/atvmooreatours.com\/wp-content\/uploads\/page\/page-20\/gallery-004-1920x1280.jpg\" class=\"fancybox\" rel=\"gallery\" title=\"\"><img loading=\"lazy\" decoding=\"async\" src=\"https:\/\/atvmooreatours.com\/wp-content\/uploads\/page\/page-20\/gallery-004-384x384.jpg\" width=\"384\" height=\"384\" alt=\"\" \/><span class=\"overlay\"><\/span><span class=\"icon\"><\/span><\/a><a href=\"https:\/\/atvmooreatours.com\/wp-content\/uploads\/page\/page-20\/gallery-005-1920x1280.jpg\" class=\"fancybox\" rel=\"gallery\" title=\"\"><img loading=\"lazy\" decoding=\"async\" src=\"https:\/\/atvmooreatours.com\/wp-content\/uploads\/page\/page-20\/gallery-005-384x384.jpg\" width=\"384\" height=\"384\" alt=\"\" \/><span class=\"overlay\"><\/span><span class=\"icon\"><\/span><\/a><a href=\"https:\/\/atvmooreatours.com\/wp-content\/uploads\/page\/page-20\/gallery-006-1920x1280.jpg\" class=\"fancybox\" rel=\"gallery\" title=\"\"><img loading=\"lazy\" decoding=\"async\" src=\"https:\/\/atvmooreatours.com\/wp-content\/uploads\/page\/page-20\/gallery-006-384x384.jpg\" width=\"384\" height=\"384\" alt=\"\" \/><span class=\"overlay\"><\/span><span class=\"icon\"><\/span><\/a><a href=\"https:\/\/atvmooreatours.com\/wp-content\/uploads\/page\/page-20\/gallery-007-1920x1280.jpg\" class=\"fancybox\" rel=\"gallery\" title=\"\"><img loading=\"lazy\" decoding=\"async\" src=\"https:\/\/atvmooreatours.com\/wp-content\/uploads\/page\/page-20\/gallery-007-384x384.jpg\" width=\"384\" height=\"384\" alt=\"\" \/><span class=\"overlay\"><\/span><span class=\"icon\"><\/span><\/a><a href=\"https:\/\/atvmooreatours.com\/wp-content\/uploads\/page\/page-20\/gallery-008-1920x1280.jpg\" class=\"fancybox\" rel=\"gallery\" title=\"\"><img loading=\"lazy\" decoding=\"async\" src=\"https:\/\/atvmooreatours.com\/wp-content\/uploads\/page\/page-20\/gallery-008-384x384.jpg\" width=\"384\" height=\"384\" alt=\"\" \/><span class=\"overlay\"><\/span><span class=\"icon\"><\/span><\/a><a href=\"https:\/\/atvmooreatours.com\/wp-content\/uploads\/page\/page-20\/gallery-009-1920x1280.jpg\" class=\"fancybox\" rel=\"gallery\" title=\"\"><img loading=\"lazy\" decoding=\"async\" src=\"https:\/\/atvmooreatours.com\/wp-content\/uploads\/page\/page-20\/gallery-009-384x384.jpg\" width=\"384\" height=\"384\" alt=\"\" \/><span class=\"overlay\"><\/span><span class=\"icon\"><\/span><\/a><a href=\"https:\/\/atvmooreatours.com\/wp-content\/uploads\/page\/page-20\/gallery-010-1920x1280.jpg\" class=\"fancybox\" rel=\"gallery\" title=\"\"><img loading=\"lazy\" decoding=\"async\" src=\"https:\/\/atvmooreatours.com\/wp-content\/uploads\/page\/page-20\/gallery-010-384x384.jpg\" width=\"384\" height=\"384\" alt=\"\" \/><span class=\"overlay\"><\/span><span class=\"icon\"><\/span><\/a><a href=\"https:\/\/atvmooreatours.com\/wp-content\/uploads\/page\/page-20\/gallery-011-1920x1280.jpg\" class=\"fancybox\" rel=\"gallery\" title=\"\"><img loading=\"lazy\" decoding=\"async\" src=\"https:\/\/atvmooreatours.com\/wp-content\/uploads\/page\/page-20\/gallery-011-384x384.jpg\" width=\"384\" height=\"384\" alt=\"\" \/><span class=\"overlay\"><\/span><span class=\"icon\"><\/span><\/a><a href=\"https:\/\/atvmooreatours.com\/wp-content\/uploads\/page\/page-20\/gallery-012-1920x1280.jpg\" class=\"fancybox\" rel=\"gallery\" title=\"\"><img loading=\"lazy\" decoding=\"async\" src=\"https:\/\/atvmooreatours.com\/wp-content\/uploads\/page\/page-20\/gallery-012-384x384.jpg\" width=\"384\" height=\"384\" alt=\"\" \/><span class=\"overlay\"><\/span><span class=\"icon\"><\/span><\/a><a href=\"https:\/\/atvmooreatours.com\/wp-content\/uploads\/page\/page-20\/gallery-013-1920x1280.jpg\" class=\"fancybox\" rel=\"gallery\" title=\"\"><img loading=\"lazy\" decoding=\"async\" src=\"https:\/\/atvmooreatours.com\/wp-content\/uploads\/page\/page-20\/gallery-013-384x384.jpg\" width=\"384\" height=\"384\" alt=\"\" \/><span class=\"overlay\"><\/span><span class=\"icon\"><\/span><\/a><a href=\"https:\/\/atvmooreatours.com\/wp-content\/uploads\/page\/page-20\/gallery-014-1920x1280.jpg\" class=\"fancybox\" rel=\"gallery\" title=\"\"><img loading=\"lazy\" decoding=\"async\" src=\"https:\/\/atvmooreatours.com\/wp-content\/uploads\/page\/page-20\/gallery-014-384x384.jpg\" width=\"384\" height=\"384\" alt=\"\" \/><span class=\"overlay\"><\/span><span class=\"icon\"><\/span><\/a><a href=\"https:\/\/atvmooreatours.com\/wp-content\/uploads\/page\/page-20\/gallery-015-1920x1280.jpg\" class=\"fancybox\" rel=\"gallery\" title=\"\"><img loading=\"lazy\" decoding=\"async\" src=\"https:\/\/atvmooreatours.com\/wp-content\/uploads\/page\/page-20\/gallery-015-384x384.jpg\" width=\"384\" height=\"384\" alt=\"\" \/><span class=\"overlay\"><\/span><span class=\"icon\"><\/span><\/a><a href=\"https:\/\/atvmooreatours.com\/wp-content\/uploads\/page\/page-20\/gallery-016-1920x1280.jpg\" class=\"fancybox\" rel=\"gallery\" title=\"\"><img loading=\"lazy\" decoding=\"async\" src=\"https:\/\/atvmooreatours.com\/wp-content\/uploads\/page\/page-20\/gallery-016-384x384.jpg\" width=\"384\" height=\"384\" alt=\"\" \/><span class=\"overlay\"><\/span><span class=\"icon\"><\/span><\/a><a href=\"https:\/\/atvmooreatours.com\/wp-content\/uploads\/page\/page-20\/gallery-017-1920x1280.jpg\" class=\"fancybox\" rel=\"gallery\" title=\"\"><img loading=\"lazy\" decoding=\"async\" src=\"https:\/\/atvmooreatours.com\/wp-content\/uploads\/page\/page-20\/gallery-017-384x384.jpg\" width=\"384\" height=\"384\" alt=\"\" \/><span class=\"overlay\"><\/span><span class=\"icon\"><\/span><\/a><a href=\"https:\/\/atvmooreatours.com\/wp-content\/uploads\/page\/page-20\/gallery-018-1920x1280.jpg\" class=\"fancybox\" rel=\"gallery\" title=\"\"><img loading=\"lazy\" decoding=\"async\" src=\"https:\/\/atvmooreatours.com\/wp-content\/uploads\/page\/page-20\/gallery-018-384x384.jpg\" width=\"384\" height=\"384\" alt=\"\" \/><span class=\"overlay\"><\/span><span class=\"icon\"><\/span><\/a><a href=\"https:\/\/atvmooreatours.com\/wp-content\/uploads\/page\/page-20\/gallery-019-1920x1280.jpg\" class=\"fancybox\" rel=\"gallery\" title=\"\"><img loading=\"lazy\" decoding=\"async\" src=\"https:\/\/atvmooreatours.com\/wp-content\/uploads\/page\/page-20\/gallery-019-384x384.jpg\" width=\"384\" height=\"384\" alt=\"\" \/><span class=\"overlay\"><\/span><span class=\"icon\"><\/span><\/a><a href=\"https:\/\/atvmooreatours.com\/wp-content\/uploads\/page\/page-20\/gallery-020-1920x1280.jpg\" class=\"fancybox\" rel=\"gallery\" title=\"\"><img loading=\"lazy\" decoding=\"async\" src=\"https:\/\/atvmooreatours.com\/wp-content\/uploads\/page\/page-20\/gallery-020-384x384.jpg\" width=\"384\" height=\"384\" alt=\"\" \/><span class=\"overlay\"><\/span><span class=\"icon\"><\/span><\/a><a href=\"https:\/\/atvmooreatours.com\/wp-content\/uploads\/page\/page-20\/gallery-021-1920x1280.jpg\" class=\"fancybox\" rel=\"gallery\" title=\"\"><img loading=\"lazy\" decoding=\"async\" src=\"https:\/\/atvmooreatours.com\/wp-content\/uploads\/page\/page-20\/gallery-021-384x384.jpg\" width=\"384\" height=\"384\" alt=\"\" \/><span class=\"overlay\"><\/span><span class=\"icon\"><\/span><\/a><a href=\"https:\/\/atvmooreatours.com\/wp-content\/uploads\/page\/page-20\/gallery-022-1920x1280.jpg\" class=\"fancybox\" rel=\"gallery\" title=\"\"><img loading=\"lazy\" decoding=\"async\" src=\"https:\/\/atvmooreatours.com\/wp-content\/uploads\/page\/page-20\/gallery-022-384x384.jpg\" width=\"384\" height=\"384\" alt=\"\" \/><span class=\"overlay\"><\/span><span class=\"icon\"><\/span><\/a><a href=\"https:\/\/atvmooreatours.com\/wp-content\/uploads\/page\/page-20\/gallery-023-1920x1280.jpg\" class=\"fancybox\" rel=\"gallery\" title=\"\"><img loading=\"lazy\" decoding=\"async\" src=\"https:\/\/atvmooreatours.com\/wp-content\/uploads\/page\/page-20\/gallery-023-384x384.jpg\" width=\"384\" height=\"384\" alt=\"\" \/><span class=\"overlay\"><\/span><span class=\"icon\"><\/span><\/a><a href=\"https:\/\/atvmooreatours.com\/wp-content\/uploads\/page\/page-20\/gallery-024-1920x1280.jpg\" class=\"fancybox\" rel=\"gallery\" title=\"\"><img loading=\"lazy\" decoding=\"async\" src=\"https:\/\/atvmooreatours.com\/wp-content\/uploads\/page\/page-20\/gallery-024-384x384.jpg\" width=\"384\" height=\"384\" alt=\"\" \/><span class=\"overlay\"><\/span><span class=\"icon\"><\/span><\/a><a href=\"https:\/\/atvmooreatours.com\/wp-content\/uploads\/page\/page-20\/gallery-025-1920x1280.jpg\" class=\"fancybox\" rel=\"gallery\" title=\"\"><img loading=\"lazy\" decoding=\"async\" src=\"https:\/\/atvmooreatours.com\/wp-content\/uploads\/page\/page-20\/gallery-025-384x384.jpg\" width=\"384\" height=\"384\" alt=\"\" \/><span class=\"overlay\"><\/span><span class=\"icon\"><\/span><\/a><a href=\"https:\/\/atvmooreatours.com\/wp-content\/uploads\/page\/page-20\/gallery-026-1920x1280.jpg\" class=\"fancybox\" rel=\"gallery\" title=\"\"><img loading=\"lazy\" decoding=\"async\" src=\"https:\/\/atvmooreatours.com\/wp-content\/uploads\/page\/page-20\/gallery-026-384x384.jpg\" width=\"384\" height=\"384\" alt=\"\" \/><span class=\"overlay\"><\/span><span class=\"icon\"><\/span><\/a><a href=\"https:\/\/atvmooreatours.com\/wp-content\/uploads\/page\/page-20\/gallery-027-1920x1280.jpg\" class=\"fancybox\" rel=\"gallery\" title=\"\"><img loading=\"lazy\" decoding=\"async\" src=\"https:\/\/atvmooreatours.com\/wp-content\/uploads\/page\/page-20\/gallery-027-384x384.jpg\" width=\"384\" height=\"384\" alt=\"\" \/><span class=\"overlay\"><\/span><span class=\"icon\"><\/span><\/a><a href=\"https:\/\/atvmooreatours.com\/wp-content\/uploads\/page\/page-20\/gallery-028-1920x1280.jpg\" class=\"fancybox\" rel=\"gallery\" title=\"\"><img loading=\"lazy\" decoding=\"async\" src=\"https:\/\/atvmooreatours.com\/wp-content\/uploads\/page\/page-20\/gallery-028-384x384.jpg\" width=\"384\" height=\"384\" alt=\"\" \/><span class=\"overlay\"><\/span><span class=\"icon\"><\/span><\/a><a href=\"https:\/\/atvmooreatours.com\/wp-content\/uploads\/page\/page-20\/gallery-029-1920x1280.jpg\" class=\"fancybox\" rel=\"gallery\" title=\"\"><img loading=\"lazy\" decoding=\"async\" src=\"https:\/\/atvmooreatours.com\/wp-content\/uploads\/page\/page-20\/gallery-029-384x384.jpg\" width=\"384\" height=\"384\" alt=\"\" \/><span class=\"overlay\"><\/span><span class=\"icon\"><\/span><\/a><a href=\"https:\/\/atvmooreatours.com\/wp-content\/uploads\/page\/page-20\/gallery-030-1920x1280.jpg\" class=\"fancybox\" rel=\"gallery\" title=\"\"><img loading=\"lazy\" decoding=\"async\" src=\"https:\/\/atvmooreatours.com\/wp-content\/uploads\/page\/page-20\/gallery-030-384x384.jpg\" width=\"384\" height=\"384\" alt=\"\" \/><span class=\"overlay\"><\/span><span class=\"icon\"><\/span><\/a><div class=\"clear\"><\/div><\/div><\/div>","protected":false},"excerpt":{"rendered":"<p>D\u00e9couvrez-en plus sur notre \u00eele magique de Moorea dans notre magnifique galerie. D\u00e9couvrez les coulisses d&rsquo;ATV Moorea Tours. <\/p>\n","protected":false},"author":1,"featured_media":143,"parent":0,"menu_order":0,"comment_status":"closed","ping_status":"closed","template":"","meta":{"footnotes":""},"class_list":["post-212","page","type-page","status-publish","has-post-thumbnail","hentry"],"_links":{"self":[{"href":"https:\/\/atvmooreatours.com\/fr\/wp-json\/wp\/v2\/pages\/212","targetHints":{"allow":["GET"]}}],"collection":[{"href":"https:\/\/atvmooreatours.com\/fr\/wp-json\/wp\/v2\/pages"}],"about":[{"href":"https:\/\/atvmooreatours.com\/fr\/wp-json\/wp\/v2\/types\/page"}],"author":[{"embeddable":true,"href":"https:\/\/atvmooreatours.com\/fr\/wp-json\/wp\/v2\/users\/1"}],"replies":[{"embeddable":true,"href":"https:\/\/atvmooreatours.com\/fr\/wp-json\/wp\/v2\/comments?post=212"}],"version-history":[{"count":5,"href":"https:\/\/atvmooreatours.com\/fr\/wp-json\/wp\/v2\/pages\/212\/revisions"}],"predecessor-version":[{"id":227,"href":"https:\/\/atvmooreatours.com\/fr\/wp-json\/wp\/v2\/pages\/212\/revisions\/227"}],"wp:featuredmedia":[{"embeddable":true,"href":"https:\/\/atvmooreatours.com\/fr\/wp-json\/wp\/v2\/media\/143"}],"wp:attachment":[{"href":"https:\/\/atvmooreatours.com\/fr\/wp-json\/wp\/v2\/media?parent=212"}],"curies":[{"name":"wp","href":"https:\/\/api.w.org\/{rel}","templated":true}]}}